{"id":21,"date":"2022-02-17T12:34:57","date_gmt":"2022-02-17T11:34:57","guid":{"rendered":"http:\/\/pgo-ad.pl\/?page_id=21"},"modified":"2026-03-30T13:11:46","modified_gmt":"2026-03-30T11:11:46","slug":"wyceny","status":"publish","type":"page","link":"http:\/\/pgo-ad.pl\/?page_id=21","title":{"rendered":"Wyceny"},"content":{"rendered":"\t\t<div data-elementor-type=\"wp-page\" data-elementor-id=\"21\" class=\"elementor elementor-21\">\n\t\t\t\t\t\t<section class=\"elementor-section elementor-top-section elementor-element elementor-element-518c128 elementor-section-height-min-height elementor-reverse-mobile elementor-section-boxed elementor-section-height-default elementor-section-items-middle\" data-id=\"518c128\" data-element_type=\"section\" data-e-type=\"section\" data-settings=\"{&quot;background_background&quot;:&quot;classic&quot;}\">\n\t\t\t\t\t\t\t<div class=\"elementor-background-overlay\"><\/div>\n\t\t\t\t\t\t\t<div class=\"elementor-container elementor-column-gap-default\">\n\t\t\t\t\t<div class=\"elementor-column elementor-col-100 elementor-top-column elementor-element elementor-element-4ca561b8\" data-id=\"4ca561b8\" data-element_type=\"column\" data-e-type=\"column\">\n\t\t\t<div class=\"elementor-widget-wrap elementor-element-populated\">\n\t\t\t\t\t\t<div class=\"elementor-element elementor-element-467aaba elementor-widget elementor-widget-heading\" data-id=\"467aaba\" data-element_type=\"widget\" data-e-type=\"widget\" data-widget_type=\"heading.default\">\n\t\t\t\t<div class=\"elementor-widget-container\">\n\t\t\t\t\t<h1 class=\"elementor-heading-title elementor-size-default\">Ile to kosztuje?<\/h1>\t\t\t\t<\/div>\n\t\t\t\t<\/div>\n\t\t\t\t\t<\/div>\n\t\t<\/div>\n\t\t\t\t\t<\/div>\n\t\t<\/section>\n\t\t\t\t<section class=\"elementor-section elementor-top-section elementor-element elementor-element-4f24eb0 elementor-section-boxed elementor-section-height-default elementor-section-height-default\" data-id=\"4f24eb0\" data-element_type=\"section\" data-e-type=\"section\">\n\t\t\t\t\t\t<div class=\"elementor-container elementor-column-gap-default\">\n\t\t\t\t\t<div class=\"elementor-column elementor-col-50 elementor-top-column elementor-element elementor-element-c0a3233\" data-id=\"c0a3233\" data-element_type=\"column\" data-e-type=\"column\">\n\t\t\t<div class=\"elementor-widget-wrap elementor-element-populated\">\n\t\t\t\t\t\t<div class=\"elementor-element elementor-element-aae5136 elementor-widget elementor-widget-text-editor\" data-id=\"aae5136\" data-element_type=\"widget\" data-e-type=\"widget\" data-widget_type=\"text-editor.default\">\n\t\t\t\t<div class=\"elementor-widget-container\">\n\t\t\t\t\t\t\t\t\t<p><\/p>\n<p>Ceny us\u0142ug ustalane s\u0105 indywidualnie dla ka\u017cdego Klienta, w oparciu o planowan\u0105 do odbioru ilo\u015b\u0107 \u015bciek\u00f3w, b\u0105d\u017a odpad\u00f3w oraz udost\u0119pnion\u0105 ich charakterystyk\u0119 fizyko-chemiczn\u0105.<\/p>\n<p>W przypadku braku danych dotycz\u0105cych sk\u0142adu fizyko-chemicznego \u015bciek\u00f3w\/odpad\u00f3w, wycena dokonywana jest na podstawie wynik\u00f3w bada\u0144 laboratoryjnych wykonanych na pobranych od wytw\u00f3rcy pr\u00f3bkach materia\u0142u.<\/p>\n<p>Cena za us\u0142ug\u0119 transportu kalkulowana jest indywidualnie dla ka\u017cdego kursu.<\/p>\t\t\t\t\t\t\t\t<\/div>\n\t\t\t\t<\/div>\n\t\t\t\t\t<\/div>\n\t\t<\/div>\n\t\t\t\t<div class=\"elementor-column elementor-col-50 elementor-top-column elementor-element elementor-element-67f1836\" data-id=\"67f1836\" data-element_type=\"column\" data-e-type=\"column\">\n\t\t\t<div class=\"elementor-widget-wrap elementor-element-populated\">\n\t\t\t\t\t\t<div class=\"elementor-element elementor-element-f9b25e6 elementor-widget elementor-widget-image\" data-id=\"f9b25e6\" data-element_type=\"widget\" data-e-type=\"widget\" data-widget_type=\"image.default\">\n\t\t\t\t<div class=\"elementor-widget-container\">\n\t\t\t\t\t\t\t\t\t\t\t\t\t\t\t<img fetchpriority=\"high\" decoding=\"async\" width=\"1024\" height=\"683\" src=\"http:\/\/pgo-ad.pl\/wp-content\/uploads\/2022\/03\/AdobeStock_277321531-1024x683.jpeg\" class=\"attachment-large size-large wp-image-583\" alt=\"\" srcset=\"http:\/\/pgo-ad.pl\/wp-content\/uploads\/2022\/03\/AdobeStock_277321531-1024x683.jpeg 1024w, http:\/\/pgo-ad.pl\/wp-content\/uploads\/2022\/03\/AdobeStock_277321531-300x200.jpeg 300w, http:\/\/pgo-ad.pl\/wp-content\/uploads\/2022\/03\/AdobeStock_277321531-768x512.jpeg 768w, http:\/\/pgo-ad.pl\/wp-content\/uploads\/2022\/03\/AdobeStock_277321531-1536x1024.jpeg 1536w, http:\/\/pgo-ad.pl\/wp-content\/uploads\/2022\/03\/AdobeStock_277321531-2048x1365.jpeg 2048w\" sizes=\"(max-width: 1024px) 100vw, 1024px\" \/>\t\t\t\t\t\t\t\t\t\t\t\t\t\t\t<\/div>\n\t\t\t\t<\/div>\n\t\t\t\t\t<\/div>\n\t\t<\/div>\n\t\t\t\t\t<\/div>\n\t\t<\/section>\n\t\t\t\t<section class=\"elementor-section elementor-top-section elementor-element elementor-element-1fdc2d8e elementor-section-boxed elementor-section-height-default elementor-section-height-default\" data-id=\"1fdc2d8e\" data-element_type=\"section\" data-e-type=\"section\" data-settings=\"{&quot;background_background&quot;:&quot;classic&quot;}\">\n\t\t\t\t\t\t<div class=\"elementor-container elementor-column-gap-default\">\n\t\t\t\t\t<div class=\"elementor-column elementor-col-25 elementor-top-column elementor-element elementor-element-3841ca89\" data-id=\"3841ca89\" data-element_type=\"column\" data-e-type=\"column\">\n\t\t\t<div class=\"elementor-widget-wrap elementor-element-populated\">\n\t\t\t\t\t\t<div class=\"elementor-element elementor-element-47a776b elementor-widget elementor-widget-heading\" data-id=\"47a776b\" data-element_type=\"widget\" data-e-type=\"widget\" data-widget_type=\"heading.default\">\n\t\t\t\t<div class=\"elementor-widget-container\">\n\t\t\t\t\t<h3 class=\"elementor-heading-title elementor-size-default\">Jak to dzia\u0142a?<\/h3>\t\t\t\t<\/div>\n\t\t\t\t<\/div>\n\t\t\t\t<div class=\"elementor-element elementor-element-3b44c27e elementor-widget-divider--view-line elementor-widget elementor-widget-divider\" data-id=\"3b44c27e\" data-element_type=\"widget\" data-e-type=\"widget\" data-widget_type=\"divider.default\">\n\t\t\t\t<div class=\"elementor-widget-container\">\n\t\t\t\t\t\t\t<div class=\"elementor-divider\">\n\t\t\t<span class=\"elementor-divider-separator\">\n\t\t\t\t\t\t<\/span>\n\t\t<\/div>\n\t\t\t\t\t\t<\/div>\n\t\t\t\t<\/div>\n\t\t\t\t\t<\/div>\n\t\t<\/div>\n\t\t\t\t<div class=\"elementor-column elementor-col-25 elementor-top-column elementor-element elementor-element-4ce63e9e\" data-id=\"4ce63e9e\" data-element_type=\"column\" data-e-type=\"column\">\n\t\t\t<div class=\"elementor-widget-wrap elementor-element-populated\">\n\t\t\t\t\t\t<div class=\"elementor-element elementor-element-498faa3f elementor-position-top elementor-widget elementor-widget-image-box\" data-id=\"498faa3f\" data-element_type=\"widget\" data-e-type=\"widget\" data-widget_type=\"image-box.default\">\n\t\t\t\t<div class=\"elementor-widget-container\">\n\t\t\t\t\t<div class=\"elementor-image-box-wrapper\"><figure class=\"elementor-image-box-img\"><img decoding=\"async\" width=\"394\" height=\"394\" src=\"http:\/\/pgo-ad.pl\/wp-content\/uploads\/2022\/03\/icon1-1.png\" class=\"attachment-full size-full wp-image-590\" alt=\"\" srcset=\"http:\/\/pgo-ad.pl\/wp-content\/uploads\/2022\/03\/icon1-1.png 394w, http:\/\/pgo-ad.pl\/wp-content\/uploads\/2022\/03\/icon1-1-300x300.png 300w, http:\/\/pgo-ad.pl\/wp-content\/uploads\/2022\/03\/icon1-1-150x150.png 150w\" sizes=\"(max-width: 394px) 100vw, 394px\" \/><\/figure><div class=\"elementor-image-box-content\"><h3 class=\"elementor-image-box-title\">KONTAKT<\/h3><p class=\"elementor-image-box-description\">Prosimy o kontakt telefoniczny lub mailowy, okre\u015blenie zakresu potrzebnych us\u0142ug oraz pozostawienie danych kontaktowych.<\/p><\/div><\/div>\t\t\t\t<\/div>\n\t\t\t\t<\/div>\n\t\t\t\t\t<\/div>\n\t\t<\/div>\n\t\t\t\t<div class=\"elementor-column elementor-col-25 elementor-top-column elementor-element elementor-element-7e48689c\" data-id=\"7e48689c\" data-element_type=\"column\" data-e-type=\"column\">\n\t\t\t<div class=\"elementor-widget-wrap elementor-element-populated\">\n\t\t\t\t\t\t<div class=\"elementor-element elementor-element-7f9e086d elementor-position-top elementor-widget elementor-widget-image-box\" data-id=\"7f9e086d\" data-element_type=\"widget\" data-e-type=\"widget\" data-widget_type=\"image-box.default\">\n\t\t\t\t<div class=\"elementor-widget-container\">\n\t\t\t\t\t<div class=\"elementor-image-box-wrapper\"><figure class=\"elementor-image-box-img\"><img decoding=\"async\" width=\"394\" height=\"394\" src=\"http:\/\/pgo-ad.pl\/wp-content\/uploads\/2022\/03\/icon2.png\" class=\"attachment-full size-full wp-image-588\" alt=\"\" srcset=\"http:\/\/pgo-ad.pl\/wp-content\/uploads\/2022\/03\/icon2.png 394w, http:\/\/pgo-ad.pl\/wp-content\/uploads\/2022\/03\/icon2-300x300.png 300w, http:\/\/pgo-ad.pl\/wp-content\/uploads\/2022\/03\/icon2-150x150.png 150w\" sizes=\"(max-width: 394px) 100vw, 394px\" \/><\/figure><div class=\"elementor-image-box-content\"><h3 class=\"elementor-image-box-title\">Obliczenie Koszt\u00f3w<\/h3><p class=\"elementor-image-box-description\">Na podstawie uzyskanych danych obliczymy koszt us\u0142ugi oraz skontaktujemy si\u0119 mailowo lub telefonicznie.<\/p><\/div><\/div>\t\t\t\t<\/div>\n\t\t\t\t<\/div>\n\t\t\t\t\t<\/div>\n\t\t<\/div>\n\t\t\t\t<div class=\"elementor-column elementor-col-25 elementor-top-column elementor-element elementor-element-388cc67c\" data-id=\"388cc67c\" data-element_type=\"column\" data-e-type=\"column\">\n\t\t\t<div class=\"elementor-widget-wrap elementor-element-populated\">\n\t\t\t\t\t\t<div class=\"elementor-element elementor-element-61dabc1 elementor-position-top elementor-widget elementor-widget-image-box\" data-id=\"61dabc1\" data-element_type=\"widget\" data-e-type=\"widget\" data-widget_type=\"image-box.default\">\n\t\t\t\t<div class=\"elementor-widget-container\">\n\t\t\t\t\t<div class=\"elementor-image-box-wrapper\"><figure class=\"elementor-image-box-img\"><img loading=\"lazy\" decoding=\"async\" width=\"394\" height=\"394\" src=\"http:\/\/pgo-ad.pl\/wp-content\/uploads\/2022\/03\/icon3.png\" class=\"attachment-full size-full wp-image-589\" alt=\"\" srcset=\"http:\/\/pgo-ad.pl\/wp-content\/uploads\/2022\/03\/icon3.png 394w, http:\/\/pgo-ad.pl\/wp-content\/uploads\/2022\/03\/icon3-300x300.png 300w, http:\/\/pgo-ad.pl\/wp-content\/uploads\/2022\/03\/icon3-150x150.png 150w\" sizes=\"(max-width: 394px) 100vw, 394px\" \/><\/figure><div class=\"elementor-image-box-content\"><h3 class=\"elementor-image-box-title\">Wykonanie Us\u0142ugi<\/h3><p class=\"elementor-image-box-description\">Po uzgodnieniu szczeg\u00f3\u0142\u00f3w i ustaleniu dogodnego terminu us\u0142uga zostaje wykonana.<\/p><\/div><\/div>\t\t\t\t<\/div>\n\t\t\t\t<\/div>\n\t\t\t\t\t<\/div>\n\t\t<\/div>\n\t\t\t\t\t<\/div>\n\t\t<\/section>\n\t\t\t\t<section class=\"elementor-section elementor-top-section elementor-element elementor-element-75deec89 elementor-section-boxed elementor-section-height-default elementor-section-height-default\" data-id=\"75deec89\" data-element_type=\"section\" data-e-type=\"section\" data-settings=\"{&quot;background_background&quot;:&quot;classic&quot;}\">\n\t\t\t\t\t\t<div class=\"elementor-container elementor-column-gap-default\">\n\t\t\t\t\t<div class=\"elementor-column elementor-col-100 elementor-top-column elementor-element elementor-element-5abdc20a\" data-id=\"5abdc20a\" data-element_type=\"column\" data-e-type=\"column\">\n\t\t\t<div class=\"elementor-widget-wrap elementor-element-populated\">\n\t\t\t\t\t\t<div class=\"elementor-element elementor-element-125720be elementor-widget elementor-widget-heading\" data-id=\"125720be\" data-element_type=\"widget\" data-e-type=\"widget\" data-widget_type=\"heading.default\">\n\t\t\t\t<div class=\"elementor-widget-container\">\n\t\t\t\t\t<h3 class=\"elementor-heading-title elementor-size-default\">Zadbamy<\/h3>\t\t\t\t<\/div>\n\t\t\t\t<\/div>\n\t\t\t\t<div class=\"elementor-element elementor-element-3bd2bd51 elementor-widget elementor-widget-heading\" data-id=\"3bd2bd51\" data-element_type=\"widget\" data-e-type=\"widget\" data-widget_type=\"heading.default\">\n\t\t\t\t<div class=\"elementor-widget-container\">\n\t\t\t\t\t<h3 class=\"elementor-heading-title elementor-size-default\">O WSZYSTKO!<\/h3>\t\t\t\t<\/div>\n\t\t\t\t<\/div>\n\t\t\t\t<div class=\"elementor-element elementor-element-197bb9fb elementor-align-center elementor-tablet-align-right elementor-mobile-align-right elementor-invisible elementor-widget elementor-widget-button\" data-id=\"197bb9fb\" data-element_type=\"widget\" data-e-type=\"widget\" data-settings=\"{&quot;_animation&quot;:&quot;fadeIn&quot;}\" data-widget_type=\"button.default\">\n\t\t\t\t<div class=\"elementor-widget-container\">\n\t\t\t\t\t\t\t\t\t<div class=\"elementor-button-wrapper\">\n\t\t\t\t\t<a class=\"elementor-button elementor-button-link elementor-size-md\" href=\"http:\/\/pgo-ad.pl\/?page_id=25\">\n\t\t\t\t\t\t<span class=\"elementor-button-content-wrapper\">\n\t\t\t\t\t\t<span class=\"elementor-button-icon\">\n\t\t\t\t<i aria-hidden=\"true\" class=\"fas fa-angle-right\"><\/i>\t\t\t<\/span>\n\t\t\t\t\t\t\t\t\t<span class=\"elementor-button-text\">Kontakt<\/span>\n\t\t\t\t\t<\/span>\n\t\t\t\t\t<\/a>\n\t\t\t\t<\/div>\n\t\t\t\t\t\t\t\t<\/div>\n\t\t\t\t<\/div>\n\t\t\t\t\t<\/div>\n\t\t<\/div>\n\t\t\t\t\t<\/div>\n\t\t<\/section>\n\t\t\t\t<\/div>\n\t\t","protected":false},"excerpt":{"rendered":"<p>Ile to kosztuje? Ceny us\u0142ug ustalane s\u0105 indywidualnie dla ka\u017cdego Klienta, w oparciu o planowan\u0105 do odbioru ilo\u015b\u0107 \u015bciek\u00f3w, b\u0105d\u017a odpad\u00f3w oraz udost\u0119pnion\u0105 ich charakterystyk\u0119 fizyko-chemiczn\u0105. W przypadku braku danych dotycz\u0105cych sk\u0142adu fizyko-chemicznego \u015bciek\u00f3w\/odpad\u00f3w, wycena dokonywana jest na podstawie wynik\u00f3w bada\u0144 laboratoryjnych wykonanych na pobranych od wytw\u00f3rcy pr\u00f3bkach materia\u0142u. Cena za us\u0142ug\u0119 transportu kalkulowana jest [&hellip;]<\/p>\n","protected":false},"author":1,"featured_media":0,"parent":0,"menu_order":0,"comment_status":"closed","ping_status":"closed","template":"","meta":{"site-sidebar-layout":"no-sidebar","site-content-layout":"page-builder","ast-site-content-layout":"default","site-content-style":"default","site-sidebar-style":"default","ast-global-header-display":"","ast-banner-title-visibility":"","ast-main-header-display":"","ast-hfb-above-header-display":"","ast-hfb-below-header-display":"","ast-hfb-mobile-header-display":"","site-post-title":"disabled","ast-breadcrumbs-content":"","ast-featured-img":"disabled","footer-sml-layout":"","ast-disable-related-posts":"","theme-transparent-header-meta":"","adv-header-id-meta":"","stick-header-meta":"","header-above-stick-meta":"","header-main-stick-meta":"","header-below-stick-meta":"","astra-migrate-meta-layouts":"default","ast-page-background-enabled":"default","ast-page-background-meta":{"desktop":{"background-color":"var(--ast-global-color-4)","background-image":"","background-repeat":"repeat","background-position":"center center","background-size":"auto","background-attachment":"scroll","background-type":"","background-media":"","overlay-type":"","overlay-color":"","overlay-opacity":"","overlay-gradient":""},"tablet":{"background-color":"","background-image":"","background-repeat":"repeat","background-position":"center center","background-size":"auto","background-attachment":"scroll","background-type":"","background-media":"","overlay-type":"","overlay-color":"","overlay-opacity":"","overlay-gradient":""},"mobile":{"background-color":"","background-image":"","background-repeat":"repeat","background-position":"center center","background-size":"auto","background-attachment":"scroll","background-type":"","background-media":"","overlay-type":"","overlay-color":"","overlay-opacity":"","overlay-gradient":""}},"ast-content-background-meta":{"desktop":{"background-color":"var(--ast-global-color-5)","background-image":"","background-repeat":"repeat","background-position":"center center","background-size":"auto","background-attachment":"scroll","background-type":"","background-media":"","overlay-type":"","overlay-color":"","overlay-opacity":"","overlay-gradient":""},"tablet":{"background-color":"var(--ast-global-color-5)","background-image":"","background-repeat":"repeat","background-position":"center center","background-size":"auto","background-attachment":"scroll","background-type":"","background-media":"","overlay-type":"","overlay-color":"","overlay-opacity":"","overlay-gradient":""},"mobile":{"background-color":"var(--ast-global-color-5)","background-image":"","background-repeat":"repeat","background-position":"center center","background-size":"auto","background-attachment":"scroll","background-type":"","background-media":"","overlay-type":"","overlay-color":"","overlay-opacity":"","overlay-gradient":""}},"footnotes":""},"class_list":["post-21","page","type-page","status-publish","hentry"],"yoast_head":"<!-- This site is optimized with the Yoast SEO plugin v27.2 - https:\/\/yoast.com\/product\/yoast-seo-wordpress\/ -->\n<title>Wyceny - PGO sp. z o. o.<\/title>\n<meta name=\"robots\" content=\"index, follow, max-snippet:-1, max-image-preview:large, max-video-preview:-1\" \/>\n<link rel=\"canonical\" href=\"https:\/\/pgo-ad.pl\/?page_id=21\" \/>\n<meta property=\"og:locale\" content=\"en_US\" \/>\n<meta property=\"og:type\" content=\"article\" \/>\n<meta property=\"og:title\" content=\"Wyceny - PGO sp. z o. o.\" \/>\n<meta property=\"og:description\" content=\"Ile to kosztuje? Ceny us\u0142ug ustalane s\u0105 indywidualnie dla ka\u017cdego Klienta, w oparciu o planowan\u0105 do odbioru ilo\u015b\u0107 \u015bciek\u00f3w, b\u0105d\u017a odpad\u00f3w oraz udost\u0119pnion\u0105 ich charakterystyk\u0119 fizyko-chemiczn\u0105. W przypadku braku danych dotycz\u0105cych sk\u0142adu fizyko-chemicznego \u015bciek\u00f3w\/odpad\u00f3w, wycena dokonywana jest na podstawie wynik\u00f3w bada\u0144 laboratoryjnych wykonanych na pobranych od wytw\u00f3rcy pr\u00f3bkach materia\u0142u. Cena za us\u0142ug\u0119 transportu kalkulowana jest [&hellip;]\" \/>\n<meta property=\"og:url\" content=\"https:\/\/pgo-ad.pl\/?page_id=21\" \/>\n<meta property=\"og:site_name\" content=\"PGO sp. z o. o.\" \/>\n<meta property=\"article:modified_time\" content=\"2026-03-30T11:11:46+00:00\" \/>\n<meta property=\"og:image\" content=\"http:\/\/pgo-ad.pl\/wp-content\/uploads\/2022\/03\/AdobeStock_277321531-1024x683.jpeg\" \/>\n<meta name=\"twitter:card\" content=\"summary_large_image\" \/>\n<meta name=\"twitter:label1\" content=\"Est. reading time\" \/>\n\t<meta name=\"twitter:data1\" content=\"2 minutes\" \/>\n<script type=\"application\/ld+json\" class=\"yoast-schema-graph\">{\"@context\":\"https:\/\/schema.org\",\"@graph\":[{\"@type\":\"WebPage\",\"@id\":\"https:\/\/pgo-ad.pl\/?page_id=21\",\"url\":\"https:\/\/pgo-ad.pl\/?page_id=21\",\"name\":\"Wyceny - PGO sp. z o. o.\",\"isPartOf\":{\"@id\":\"http:\/\/pgo-ad.pl\/#website\"},\"primaryImageOfPage\":{\"@id\":\"https:\/\/pgo-ad.pl\/?page_id=21#primaryimage\"},\"image\":{\"@id\":\"https:\/\/pgo-ad.pl\/?page_id=21#primaryimage\"},\"thumbnailUrl\":\"http:\/\/pgo-ad.pl\/wp-content\/uploads\/2022\/03\/AdobeStock_277321531-1024x683.jpeg\",\"datePublished\":\"2022-02-17T11:34:57+00:00\",\"dateModified\":\"2026-03-30T11:11:46+00:00\",\"breadcrumb\":{\"@id\":\"https:\/\/pgo-ad.pl\/?page_id=21#breadcrumb\"},\"inLanguage\":\"en-US\",\"potentialAction\":[{\"@type\":\"ReadAction\",\"target\":[\"https:\/\/pgo-ad.pl\/?page_id=21\"]}]},{\"@type\":\"ImageObject\",\"inLanguage\":\"en-US\",\"@id\":\"https:\/\/pgo-ad.pl\/?page_id=21#primaryimage\",\"url\":\"http:\/\/pgo-ad.pl\/wp-content\/uploads\/2022\/03\/AdobeStock_277321531-scaled.jpeg\",\"contentUrl\":\"http:\/\/pgo-ad.pl\/wp-content\/uploads\/2022\/03\/AdobeStock_277321531-scaled.jpeg\",\"width\":2560,\"height\":1707,\"caption\":\"Woman accountant working with computer and calculator for business and financial expense\"},{\"@type\":\"BreadcrumbList\",\"@id\":\"https:\/\/pgo-ad.pl\/?page_id=21#breadcrumb\",\"itemListElement\":[{\"@type\":\"ListItem\",\"position\":1,\"name\":\"Home\",\"item\":\"http:\/\/pgo-ad.pl\/\"},{\"@type\":\"ListItem\",\"position\":2,\"name\":\"Wyceny\"}]},{\"@type\":\"WebSite\",\"@id\":\"http:\/\/pgo-ad.pl\/#website\",\"url\":\"http:\/\/pgo-ad.pl\/\",\"name\":\"PGO sp. z o. o.\",\"description\":\"Anna D\u0105browska Profesjonalne Gospodarowanie Odpadami\",\"publisher\":{\"@id\":\"http:\/\/pgo-ad.pl\/#organization\"},\"potentialAction\":[{\"@type\":\"SearchAction\",\"target\":{\"@type\":\"EntryPoint\",\"urlTemplate\":\"http:\/\/pgo-ad.pl\/?s={search_term_string}\"},\"query-input\":{\"@type\":\"PropertyValueSpecification\",\"valueRequired\":true,\"valueName\":\"search_term_string\"}}],\"inLanguage\":\"en-US\"},{\"@type\":\"Organization\",\"@id\":\"http:\/\/pgo-ad.pl\/#organization\",\"name\":\"PGO sp. z o. o.\",\"url\":\"http:\/\/pgo-ad.pl\/\",\"logo\":{\"@type\":\"ImageObject\",\"inLanguage\":\"en-US\",\"@id\":\"http:\/\/pgo-ad.pl\/#\/schema\/logo\/image\/\",\"url\":\"http:\/\/pgo-ad.pl\/wp-content\/uploads\/2022\/02\/PGO_logo_ss.png\",\"contentUrl\":\"http:\/\/pgo-ad.pl\/wp-content\/uploads\/2022\/02\/PGO_logo_ss.png\",\"width\":198,\"height\":79,\"caption\":\"PGO sp. z o. o.\"},\"image\":{\"@id\":\"http:\/\/pgo-ad.pl\/#\/schema\/logo\/image\/\"}}]}<\/script>\n<!-- \/ Yoast SEO plugin. -->","yoast_head_json":{"title":"Wyceny - PGO sp. z o. o.","robots":{"index":"index","follow":"follow","max-snippet":"max-snippet:-1","max-image-preview":"max-image-preview:large","max-video-preview":"max-video-preview:-1"},"canonical":"https:\/\/pgo-ad.pl\/?page_id=21","og_locale":"en_US","og_type":"article","og_title":"Wyceny - PGO sp. z o. o.","og_description":"Ile to kosztuje? Ceny us\u0142ug ustalane s\u0105 indywidualnie dla ka\u017cdego Klienta, w oparciu o planowan\u0105 do odbioru ilo\u015b\u0107 \u015bciek\u00f3w, b\u0105d\u017a odpad\u00f3w oraz udost\u0119pnion\u0105 ich charakterystyk\u0119 fizyko-chemiczn\u0105. W przypadku braku danych dotycz\u0105cych sk\u0142adu fizyko-chemicznego \u015bciek\u00f3w\/odpad\u00f3w, wycena dokonywana jest na podstawie wynik\u00f3w bada\u0144 laboratoryjnych wykonanych na pobranych od wytw\u00f3rcy pr\u00f3bkach materia\u0142u. Cena za us\u0142ug\u0119 transportu kalkulowana jest [&hellip;]","og_url":"https:\/\/pgo-ad.pl\/?page_id=21","og_site_name":"PGO sp. z o. o.","article_modified_time":"2026-03-30T11:11:46+00:00","og_image":[{"url":"http:\/\/pgo-ad.pl\/wp-content\/uploads\/2022\/03\/AdobeStock_277321531-1024x683.jpeg","type":"","width":"","height":""}],"twitter_card":"summary_large_image","twitter_misc":{"Est. reading time":"2 minutes"},"schema":{"@context":"https:\/\/schema.org","@graph":[{"@type":"WebPage","@id":"https:\/\/pgo-ad.pl\/?page_id=21","url":"https:\/\/pgo-ad.pl\/?page_id=21","name":"Wyceny - PGO sp. z o. o.","isPartOf":{"@id":"http:\/\/pgo-ad.pl\/#website"},"primaryImageOfPage":{"@id":"https:\/\/pgo-ad.pl\/?page_id=21#primaryimage"},"image":{"@id":"https:\/\/pgo-ad.pl\/?page_id=21#primaryimage"},"thumbnailUrl":"http:\/\/pgo-ad.pl\/wp-content\/uploads\/2022\/03\/AdobeStock_277321531-1024x683.jpeg","datePublished":"2022-02-17T11:34:57+00:00","dateModified":"2026-03-30T11:11:46+00:00","breadcrumb":{"@id":"https:\/\/pgo-ad.pl\/?page_id=21#breadcrumb"},"inLanguage":"en-US","potentialAction":[{"@type":"ReadAction","target":["https:\/\/pgo-ad.pl\/?page_id=21"]}]},{"@type":"ImageObject","inLanguage":"en-US","@id":"https:\/\/pgo-ad.pl\/?page_id=21#primaryimage","url":"http:\/\/pgo-ad.pl\/wp-content\/uploads\/2022\/03\/AdobeStock_277321531-scaled.jpeg","contentUrl":"http:\/\/pgo-ad.pl\/wp-content\/uploads\/2022\/03\/AdobeStock_277321531-scaled.jpeg","width":2560,"height":1707,"caption":"Woman accountant working with computer and calculator for business and financial expense"},{"@type":"BreadcrumbList","@id":"https:\/\/pgo-ad.pl\/?page_id=21#breadcrumb","itemListElement":[{"@type":"ListItem","position":1,"name":"Home","item":"http:\/\/pgo-ad.pl\/"},{"@type":"ListItem","position":2,"name":"Wyceny"}]},{"@type":"WebSite","@id":"http:\/\/pgo-ad.pl\/#website","url":"http:\/\/pgo-ad.pl\/","name":"PGO sp. z o. o.","description":"Anna D\u0105browska Profesjonalne Gospodarowanie Odpadami","publisher":{"@id":"http:\/\/pgo-ad.pl\/#organization"},"potentialAction":[{"@type":"SearchAction","target":{"@type":"EntryPoint","urlTemplate":"http:\/\/pgo-ad.pl\/?s={search_term_string}"},"query-input":{"@type":"PropertyValueSpecification","valueRequired":true,"valueName":"search_term_string"}}],"inLanguage":"en-US"},{"@type":"Organization","@id":"http:\/\/pgo-ad.pl\/#organization","name":"PGO sp. z o. o.","url":"http:\/\/pgo-ad.pl\/","logo":{"@type":"ImageObject","inLanguage":"en-US","@id":"http:\/\/pgo-ad.pl\/#\/schema\/logo\/image\/","url":"http:\/\/pgo-ad.pl\/wp-content\/uploads\/2022\/02\/PGO_logo_ss.png","contentUrl":"http:\/\/pgo-ad.pl\/wp-content\/uploads\/2022\/02\/PGO_logo_ss.png","width":198,"height":79,"caption":"PGO sp. z o. o."},"image":{"@id":"http:\/\/pgo-ad.pl\/#\/schema\/logo\/image\/"}}]}},"_links":{"self":[{"href":"http:\/\/pgo-ad.pl\/index.php?rest_route=\/wp\/v2\/pages\/21","targetHints":{"allow":["GET"]}}],"collection":[{"href":"http:\/\/pgo-ad.pl\/index.php?rest_route=\/wp\/v2\/pages"}],"about":[{"href":"http:\/\/pgo-ad.pl\/index.php?rest_route=\/wp\/v2\/types\/page"}],"author":[{"embeddable":true,"href":"http:\/\/pgo-ad.pl\/index.php?rest_route=\/wp\/v2\/users\/1"}],"replies":[{"embeddable":true,"href":"http:\/\/pgo-ad.pl\/index.php?rest_route=%2Fwp%2Fv2%2Fcomments&post=21"}],"version-history":[{"count":58,"href":"http:\/\/pgo-ad.pl\/index.php?rest_route=\/wp\/v2\/pages\/21\/revisions"}],"predecessor-version":[{"id":667,"href":"http:\/\/pgo-ad.pl\/index.php?rest_route=\/wp\/v2\/pages\/21\/revisions\/667"}],"wp:attachment":[{"href":"http:\/\/pgo-ad.pl\/index.php?rest_route=%2Fwp%2Fv2%2Fmedia&parent=21"}],"curies":[{"name":"wp","href":"https:\/\/api.w.org\/{rel}","templated":true}]}}